{"id":384,"date":"2017-06-22T09:21:19","date_gmt":"2017-06-22T09:21:19","guid":{"rendered":"https:\/\/ithemeslab.com\/tfdemo\/wp\/imperial\/?page_id=23"},"modified":"2021-08-11T12:28:28","modified_gmt":"2021-08-11T12:28:28","slug":"services-1","status":"publish","type":"page","link":"https:\/\/icom.ee\/et\/services-1\/","title":{"rendered":"Services 1"},"content":{"rendered":"<div data-vc-full-width=\"true\" data-vc-full-width-init=\"false\" class=\"vc_row wpb_row vc_row-fluid pad80 vc_custom_1496513357524 vc_row-has-fill\"><div class=\"wpb_column vc_column_container vc_col-sm-12\"><div class=\"vc_column-inner\"><div class=\"wpb_wrapper\"><div class=\"vc_row wpb_row vc_inner vc_row-fluid\"><div class=\"wpb_column vc_column_container vc_col-sm-12\"><div class=\"vc_column-inner\"><div class=\"wpb_wrapper\"><div class=\"section-title\"><div class=\"text-center\"><h3 class=\"section-title-text\">Our Speciality<\/h3><p class=\"subtitle\">No limitation with the Imperial template. Easy-to-use drag &amp; drop Visual Composer,<br \/>\nImperial lets you feel the full power of creation.<\/p><\/div><\/div><\/div><\/div><\/div><\/div><div class=\"vc_row wpb_row vc_inner vc_row-fluid\"><div class=\"wpb_column vc_column_container vc_col-sm-6\"><div class=\"vc_column-inner\"><div class=\"wpb_wrapper\">\n\t<div  class=\"wpb_single_image wpb_content_element vc_align_left  vc_custom_1622147459717\">\n\t\t\n\t\t<figure class=\"wpb_wrapper vc_figure\">\n\t\t\t<div class=\"vc_single_image-wrapper   vc_box_border_grey\"><img width=\"900\" height=\"600\" src=\"https:\/\/icom.ee\/wp-content\/uploads\/2017\/07\/blog-post-3-e1622146093394.jpg\" class=\"vc_single_image-img attachment-full\" alt=\"\" loading=\"lazy\" srcset=\"https:\/\/icom.ee\/wp-content\/uploads\/2017\/07\/blog-post-3-e1622146093394.jpg 900w, https:\/\/icom.ee\/wp-content\/uploads\/2017\/07\/blog-post-3-e1622146093394-300x200.jpg 300w, https:\/\/icom.ee\/wp-content\/uploads\/2017\/07\/blog-post-3-e1622146093394-768x512.jpg 768w, https:\/\/icom.ee\/wp-content\/uploads\/2017\/07\/blog-post-3-e1622146093394-400x267.jpg 400w, https:\/\/icom.ee\/wp-content\/uploads\/2017\/07\/blog-post-3-e1622146093394-600x400.jpg 600w\" sizes=\"(max-width: 900px) 100vw, 900px\" \/><\/div>\n\t\t<\/figure>\n\t<\/div>\n<h2 style=\"font-size: 25px;color: #313131;line-height: 25px;text-align: left\" class=\"vc_custom_heading vc_custom_1496513822031\" >Interior Decoration<\/h2>\n\t<div class=\"wpb_text_column wpb_content_element  vc_custom_1496513808072\" >\n\t\t<div class=\"wpb_wrapper\">\n\t\t\t<p>I am text block. Click edit button to change this text. Lorem ipsum dolor sit amet, consectetur adipiscing elit. Ut elit tellus, luctus nec ullamcorper mattis, pulvinar dapibus leo.<\/p>\n\n\t\t<\/div>\n\t<\/div>\n<\/div><\/div><\/div><div class=\"wpb_column vc_column_container vc_col-sm-6\"><div class=\"vc_column-inner\"><div class=\"wpb_wrapper\">\n\t<div  class=\"wpb_single_image wpb_content_element vc_align_left  vc_custom_1499276302711\">\n\t\t\n\t\t<figure class=\"wpb_wrapper vc_figure\">\n\t\t\t<div class=\"vc_single_image-wrapper   vc_box_border_grey\"><img width=\"1200\" height=\"750\" src=\"https:\/\/icom.ee\/wp-content\/uploads\/2017\/06\/portfolio-6.jpg\" class=\"vc_single_image-img attachment-full\" alt=\"\" loading=\"lazy\" srcset=\"https:\/\/icom.ee\/wp-content\/uploads\/2017\/06\/portfolio-6.jpg 1200w, https:\/\/icom.ee\/wp-content\/uploads\/2017\/06\/portfolio-6-300x188.jpg 300w, https:\/\/icom.ee\/wp-content\/uploads\/2017\/06\/portfolio-6-1024x640.jpg 1024w, https:\/\/icom.ee\/wp-content\/uploads\/2017\/06\/portfolio-6-768x480.jpg 768w, https:\/\/icom.ee\/wp-content\/uploads\/2017\/06\/portfolio-6-800x500.jpg 800w, https:\/\/icom.ee\/wp-content\/uploads\/2017\/06\/portfolio-6-400x250.jpg 400w, https:\/\/icom.ee\/wp-content\/uploads\/2017\/06\/portfolio-6-600x375.jpg 600w\" sizes=\"(max-width: 1200px) 100vw, 1200px\" \/><\/div>\n\t\t<\/figure>\n\t<\/div>\n<h2 style=\"font-size: 25px;color: #313131;line-height: 25px;text-align: left\" class=\"vc_custom_heading vc_custom_1496513827263\" >Exterior Decoration<\/h2>\n\t<div class=\"wpb_text_column wpb_content_element  vc_custom_1496513815950\" >\n\t\t<div class=\"wpb_wrapper\">\n\t\t\t<p>I am text block. Click edit button to change this text. Lorem ipsum dolor sit amet, consectetur adipiscing elit. Ut elit tellus, luctus nec ullamcorper mattis, pulvinar dapibus leo.<\/p>\n\n\t\t<\/div>\n\t<\/div>\n<\/div><\/div><\/div><\/div><\/div><\/div><\/div><\/div><div class=\"vc_row-full-width vc_clearfix\"><\/div><div class=\"vc_row wpb_row vc_row-fluid pad80\"><div class=\"wpb_column vc_column_container vc_col-sm-12\"><div class=\"vc_column-inner\"><div class=\"wpb_wrapper\"><div class=\"vc_row wpb_row vc_inner vc_row-fluid\"><div class=\"wpb_column vc_column_container vc_col-sm-12\"><div class=\"vc_column-inner\"><div class=\"wpb_wrapper\"><div class=\"section-title\"><div class=\"text-center\"><h3 class=\"section-title-text\">In Progress<\/h3><p class=\"subtitle\">No limitation with the Imperial template. Easy-to-use drag &amp; drop Visual Composer,<br \/>\nImperial lets you feel the full power of creation.<\/p><\/div><\/div><\/div><\/div><\/div><\/div><div class=\"vc_row wpb_row vc_inner vc_row-fluid\"><div class=\"wpb_column vc_column_container vc_col-sm-12\"><div class=\"vc_column-inner\"><div class=\"wpb_wrapper\"><div class=\"row wip\"><\/div><\/div><\/div><\/div><\/div><\/div><\/div><\/div><\/div><section data-vc-full-width=\"true\" data-vc-full-width-init=\"false\" class=\"vc_section vc_custom_1496421493668 vc_section-has-fill\"><div class=\"vc_row wpb_row vc_row-fluid padtop80 padbottom60\"><div class=\"wpb_column vc_column_container vc_col-sm-6\"><div class=\"vc_column-inner\"><div class=\"wpb_wrapper\"><div class=\"section-title\"><div class=\"\"><h3 class=\"section-title-text\">Get a Quote<\/h3><p class=\"subtitle\">No limitation with the Imperial template. Easy-to-use drag &amp; drop Visual Composer,Imperial lets you feel the full power of creation.<\/p><\/div><\/div><div role=\"form\" class=\"wpcf7\" id=\"wpcf7-f76-o1\" lang=\"en-US\" dir=\"ltr\">\n<div class=\"screen-reader-response\"><p role=\"status\" aria-live=\"polite\" aria-atomic=\"true\"><\/p> <ul><\/ul><\/div>\n<form action=\"\/et\/wp-json\/wp\/v2\/pages\/384#wpcf7-f76-o1\" method=\"post\" class=\"wpcf7-form init\" novalidate=\"novalidate\" data-status=\"init\" data-trp-original-action=\"\/et\/wp-json\/wp\/v2\/pages\/384#wpcf7-f76-o1\">\n<div style=\"display: none;\">\n<input type=\"hidden\" name=\"_wpcf7\" value=\"76\" \/>\n<input type=\"hidden\" name=\"_wpcf7_version\" value=\"5.4.2\" \/>\n<input type=\"hidden\" name=\"_wpcf7_locale\" value=\"en_US\" \/>\n<input type=\"hidden\" name=\"_wpcf7_unit_tag\" value=\"wpcf7-f76-o1\" \/>\n<input type=\"hidden\" name=\"_wpcf7_container_post\" value=\"0\" \/>\n<input type=\"hidden\" name=\"_wpcf7_posted_data_hash\" value=\"\" \/>\n<\/div>\n<div class=\"row mb20\">\n<div class=\"col-sm-6 col-xs-12\">\n\t\t<span class=\"wpcf7-form-control-wrap your-name\"><input type=\"text\" name=\"your-name\" value=\"\" size=\"40\" class=\"wpcf7-form-control wpcf7-text wpcf7-validates-as-required xs-mb-20\" aria-required=\"true\" aria-invalid=\"false\" placeholder=\"Nimi\" \/><\/span>\n\t<\/div>\n<div class=\"col-sm-6 col-xs-12\">\n                <span class=\"wpcf7-form-control-wrap your-secondname\"><input type=\"text\" name=\"your-secondname\" value=\"\" size=\"40\" class=\"wpcf7-form-control wpcf7-text wpcf7-validates-as-required xs-mb-20\" aria-required=\"true\" aria-invalid=\"false\" placeholder=\"Perekonnanimi\" \/><\/span>\n\t<\/div>\n<\/div>\n<div class=\"row mb20\">\n<div class=\"col-sm-6 col-xs-12\">\n                <span class=\"wpcf7-form-control-wrap menu-329\"><select name=\"menu-329\" class=\"wpcf7-form-control wpcf7-select wpcf7-validates-as-required\" aria-required=\"true\" aria-invalid=\"false\"><option value=\"\">Vali kategooria<\/option><option value=\"\u0414\u0438\u0441\u0442\u0440\u0438\u0431\u0443\u0446\u0438\u044f \u043a\u043e\u043c\u043f\u043e\u043d\u0435\u043d\u0442\u043e\u0432 \u0434\u043b\u044f \u0430\u0443\u0434\u0438\u043e\u043f\u0440\u043e\u0438\u0437\u0432\u043e\u0434\u0438\u0442\u0435\u043b\u0435\u0439 \u0438 DIY\">Komponentide m\u00fc\u00fck tootjatele ja DIY-huvilistele<\/option><option value=\"\u0410\u043a\u0443\u0441\u0442\u0438\u0447\u0435\u0441\u043a\u0438\u0435 \u0440\u0435\u0448\u0435\u043d\u0438\u044f\">Akustilised lahendused<\/option><option value=\"\u0410\u0432\u0442\u043e\u043c\u0430\u0442\u0438\u043a\u0430, \u043b\u0438\u0444\u0442\u044b \u0434\u043b\u044f \u043f\u0440\u043e\u0435\u043a\u0442\u043e\u0440\u043e\u0432 \u0438 \u0442\u0435\u043b\u0435\u0432\u0438\u0437\u043e\u0440\u043e\u0432\">Automaatika, projektorite ja telerite t\u00f5stukid<\/option><option value=\"StereoArt\">StereoArt<\/option><option value=\"\u042d\u043a\u0440\u0430\u043d\u044b \u0434\u043b\u044f \u0434\u043e\u043c\u0430\u0448\u043d\u0438\u0445 \u043a\u0438\u043d\u043e\u0437\u0430\u043b\u043e\u0432, \u043a\u043e\u043d\u0444\u0435\u0440\u0435\u043d\u0446-\u0437\u0430\u043b\u043e\u0432 \u0438 \u0430\u0443\u0434\u0438\u0442\u043e\u0440\u0438\u0439\">Ekraanid kodukinodesse, konverentsiruumidesse ja auditooriumidesse<\/option><option value=\"\u042d\u043b\u0435\u043a\u0442\u0440\u043e\u043d\u0438\u043a\u0430 \u0434\u043b\u044f Hi-Fi, High-End \u0438 DIY\">Elektroonika hi-fi, high-end ja DIY jaoks<\/option><option value=\"\u0414\u0440\u0443\u0433\u043e\u0435\">Muu<\/option><\/select><\/span>\n\t<\/div>\n<\/div>\n<div class=\"row mb20\">\n<div class=\"col-sm-6 col-xs-12\">\n                <span class=\"wpcf7-form-control-wrap tel-224\"><input type=\"tel\" name=\"tel-224\" value=\"\" size=\"40\" class=\"wpcf7-form-control wpcf7-text wpcf7-tel wpcf7-validates-as-required wpcf7-validates-as-tel xs-mb-20\" aria-required=\"true\" aria-invalid=\"false\" placeholder=\"Telefon\" \/><\/span>\n\t<\/div>\n<div class=\"col-sm-6 col-xs-12\">\n\t\t<span class=\"wpcf7-form-control-wrap your-email\"><input type=\"email\" name=\"your-email\" value=\"\" size=\"40\" class=\"wpcf7-form-control wpcf7-text wpcf7-email wpcf7-validates-as-required wpcf7-validates-as-email\" aria-required=\"true\" aria-invalid=\"false\" placeholder=\"E-post\" \/><\/span>\n\t<\/div>\n<\/div>\n<div class=\"row mb20\">\n<div class=\"col-xs-12\">\n\t\t<span class=\"wpcf7-form-control-wrap your-message\"><textarea name=\"your-message\" cols=\"40\" rows=\"10\" class=\"wpcf7-form-control wpcf7-textarea wpcf7-validates-as-required\" aria-required=\"true\" aria-invalid=\"false\" placeholder=\"S\u00f5num\"><\/textarea><\/span>\n\t<\/div>\n<\/div>\n<div class=\"row mb20 text-center\">\n<div class=\"col-xs-12\">\n\t\t<span class=\"wpcf7-form-control-wrap\" data-name=\"hcap-cf7\">\t\t<input\n\t\t\t\ttype=\"hidden\"\n\t\t\t\tclass=\"hcaptcha-widget-id\"\n\t\t\t\tname=\"hcaptcha-widget-id\"\n\t\t\t\tvalue=\"eyJzb3VyY2UiOlsiY29udGFjdC1mb3JtLTdcL3dwLWNvbnRhY3QtZm9ybS03LnBocCJdLCJmb3JtX2lkIjo3Nn0=-f47aaa12481420c626417bdb2a3d65f1\">\n\t\t\t\t<span id=\"hcap_cf7-69f23aae3f1245.99553794\" class=\"wpcf7-form-control h-captcha\"\n\t\t\tdata-sitekey=\"0022179c-63be-4230-9a2c-788248c641f2\"\n\t\t\tdata-theme=\"light\"\n\t\t\tdata-size=\"normal\"\n\t\t\tdata-auto=\"false\"\n\t\t\tdata-ajax=\"false\"\n\t\t\tdata-force=\"false\">\n\t\t<\/span>\n\t\t<input type=\"hidden\" id=\"_wpnonce\" name=\"_wpnonce\" value=\"a4bce52881\" \/><input type=\"hidden\" name=\"_wp_http_referer\" value=\"\/et\/wp-json\/wp\/v2\/pages\/384\" \/><\/span><input type=\"submit\" value=\"Saada\" class=\"wpcf7-form-control wpcf7-submit btn\" \/>\n\t<\/div>\n<\/div>\n<p style=\"display: none !important;\" class=\"akismet-fields-container\" data-prefix=\"_wpcf7_ak_\"><label>&#916;<textarea name=\"_wpcf7_ak_hp_textarea\" cols=\"45\" rows=\"8\" maxlength=\"100\"><\/textarea><\/label><input type=\"hidden\" id=\"ak_js_1\" name=\"_wpcf7_ak_js\" value=\"173\"\/><script>document.getElementById( \"ak_js_1\" ).setAttribute( \"value\", ( new Date() ).getTime() );<\/script><\/p><div class=\"wpcf7-response-output\" aria-hidden=\"true\"><\/div><input type=\"hidden\" name=\"trp-form-language\" value=\"et\"\/><\/form><\/div><\/div><\/div><\/div><div class=\"wpb_column vc_column_container vc_col-sm-6\"><div class=\"vc_column-inner\"><div class=\"wpb_wrapper\">\n\t<div  class=\"wpb_single_image wpb_content_element vc_align_left\">\n\t\t\n\t\t<figure class=\"wpb_wrapper vc_figure\">\n\t\t\t<div class=\"vc_single_image-wrapper   vc_box_border_grey\"><img width=\"549\" height=\"478\" src=\"https:\/\/icom.ee\/wp-content\/uploads\/2017\/06\/interior-model.png\" class=\"vc_single_image-img attachment-full\" alt=\"interior-model\" loading=\"lazy\" srcset=\"https:\/\/icom.ee\/wp-content\/uploads\/2017\/06\/interior-model.png 549w, https:\/\/icom.ee\/wp-content\/uploads\/2017\/06\/interior-model-300x261.png 300w, https:\/\/icom.ee\/wp-content\/uploads\/2017\/06\/interior-model-400x348.png 400w\" sizes=\"(max-width: 549px) 100vw, 549px\" \/><\/div>\n\t\t<\/figure>\n\t<\/div>\n<\/div><\/div><\/div><\/div><\/section><div class=\"vc_row-full-width vc_clearfix\"><\/div><section data-vc-full-width=\"true\" data-vc-full-width-init=\"false\" class=\"vc_section vc_custom_1496360534417\"><div class=\"vc_row wpb_row vc_row-fluid pad80\"><div class=\"wpb_column vc_column_container vc_col-sm-12\"><div class=\"vc_column-inner\"><div class=\"wpb_wrapper\"><div class=\"section-title\"><div class=\"text-center\"><h3 class=\"section-title-text\">Our Latest Blog<\/h3><p class=\"subtitle\">No limitation with the Imperial template. Easy-to-use drag &amp; drop Visual Composer,<br \/>\nImperial lets you feel the full power of creation.<\/p><\/div><\/div><div class=\"row\"><div class=\"col-md-4 col-sm-4 col-xs-12 xs-mb-30\"><div class=\"post-grid\"><div class=\"post-grid-thumb\"><img src=\"https:\/\/icom.ee\/wp-content\/uploads\/2024\/11\/\u0420\u0438\u0441\u0443\u043d\u043e\u043a24-300x239.jpg\" alt=\"Seas on v\u00e4lja toonud uue koaksiaalk\u00f5lari \u00fclimalt kvaliteetsete akustiliste s\u00fcsteemide ehitamiseks.\"><\/div><div class=\"post-grid-meta\"><div class=\"post-date\"><i class=\"fa fa-calendar\"><\/i> november 22, 2024<\/div><div class=\"post-comment\"><i class=\"fa fa-comments\"><\/i> 0 comments<\/div><\/div><div class=\"post-grid-content\"><h4><a href=\"https:\/\/icom.ee\/et\/2024\/11\/22\/seas-has-launched-a-new-coaxial-driver\/\">Seas on v\u00e4lja toonud uue koaksiaalk\u00f5lari \u00fclimalt kvaliteetsete akustiliste s\u00fcsteemide ehitamiseks.<\/a><\/h4><p>Seas Excel&nbsp; \u0441 \u0434\u0438\u0430\u0444\u0440\u0430\u0433\u043c\u043e\u0439 Metamodal TPCD E0121-04\/06 - C16NX001\/X \u0411\u043b\u0430\u0433\u043e\u0434\u0430\u0440\u044f \u0441\u0432\u043e\u0435\u0439 \u043a\u043e\u043c\u043f\u0430\u043a\u0442\u043d\u043e\u0439 \u043a\u043e\u043d\u0441\u0442\u0440\u0443\u043a\u0446\u0438\u0438 \u043e\u043d\u0438 \u0438\u0434\u0435\u0430\u043b\u044c\u043d\u043e \u043f\u043e\u0434\u0445\u043e\u0434\u044f\u0442 \u0434\u043b\u044f \u043a\u043d\u0438\u0436\u043d\u044b\u0445 \u043f\u043e\u043b\u043e\u043a \u0438\u043b\u0438 <\/p><a href=\"https:\/\/icom.ee\/et\/2024\/11\/22\/seas-has-launched-a-new-coaxial-driver\/\" class=\"btn btn-primary hvr-sweep-to-right\">read more<\/a><\/div><\/div><\/div><div class=\"col-md-4 col-sm-4 col-xs-12 xs-mb-30\"><div class=\"post-grid\"><div class=\"post-grid-thumb\"><img src=\"https:\/\/icom.ee\/wp-content\/uploads\/2024\/11\/\u0420\u0438\u0441\u0443\u043d\u043e\u043a23-300x225.jpg\" alt=\"Rockna WaveLight R2R DAC ja WaveLight Server on saabunud ja kuulatavad!\"><\/div><div class=\"post-grid-meta\"><div class=\"post-date\"><i class=\"fa fa-calendar\"><\/i> november 22, 2024<\/div><div class=\"post-comment\"><i class=\"fa fa-comments\"><\/i> 0 comments<\/div><\/div><div class=\"post-grid-content\"><h4><a href=\"https:\/\/icom.ee\/et\/2024\/11\/22\/the-rockna-wavelight-r2r-dac-and-wavelight-server\/\">Rockna WaveLight R2R DAC ja WaveLight Server on saabunud ja kuulatavad!<\/a><\/h4><p><\/p><a href=\"https:\/\/icom.ee\/et\/2024\/11\/22\/the-rockna-wavelight-r2r-dac-and-wavelight-server\/\" class=\"btn btn-primary hvr-sweep-to-right\">read more<\/a><\/div><\/div><\/div><div class=\"col-md-4 col-sm-4 col-xs-12 xs-mb-30\"><div class=\"post-grid\"><div class=\"post-grid-thumb\"><img src=\"https:\/\/icom.ee\/wp-content\/uploads\/2024\/11\/\u0420\u0438\u0441\u0443\u043d\u043e\u043a15-300x225.jpg\" alt=\"Tegime oma s\u00fcsteemis v\u00f5rdluse mitmete erinevate striimerite vahel: Metrum, Bluesound, Wiim, Eversolo\"><\/div><div class=\"post-grid-meta\"><div class=\"post-date\"><i class=\"fa fa-calendar\"><\/i> november 22, 2024<\/div><div class=\"post-comment\"><i class=\"fa fa-comments\"><\/i> 0 comments<\/div><\/div><div class=\"post-grid-content\"><h4><a href=\"https:\/\/icom.ee\/et\/2024\/11\/22\/testing-streamers-from-the-low-cost-segment\/\">Tegime oma s\u00fcsteemis v\u00f5rdluse mitmete erinevate striimerite vahel: Metrum, Bluesound, Wiim, Eversolo<\/a><\/h4><p>Tegime oma s\u00fcsteemis v\u00f5rdluse mitmete erinevate striimerite vahel. Jah, need k\u00f5lavad k\u00f5ik erinevalt \u2014 igal neist on omad eelised ja puudused.<\/p><a href=\"https:\/\/icom.ee\/et\/2024\/11\/22\/testing-streamers-from-the-low-cost-segment\/\" class=\"btn btn-primary hvr-sweep-to-right\">read more<\/a><\/div><\/div><\/div><\/div><\/div><\/div><\/div><\/div><\/section><div class=\"vc_row-full-width vc_clearfix\"><\/div>","protected":false},"excerpt":{"rendered":"Tegime oma s\u00fcsteemis v\u00f5rdluse mitmete erinevate striimerite vahel. Jah, need k\u00f5lavad k\u00f5ik erinevalt \u2014 igal neist on omad eelised ja puudused.","protected":false},"author":1,"featured_media":0,"parent":0,"menu_order":0,"comment_status":"closed","ping_status":"closed","template":"fullwidthpage-template.php","meta":[],"_links":{"self":[{"href":"https:\/\/icom.ee\/et\/wp-json\/wp\/v2\/pages\/384"}],"collection":[{"href":"https:\/\/icom.ee\/et\/wp-json\/wp\/v2\/pages"}],"about":[{"href":"https:\/\/icom.ee\/et\/wp-json\/wp\/v2\/types\/page"}],"author":[{"embeddable":true,"href":"https:\/\/icom.ee\/et\/wp-json\/wp\/v2\/users\/1"}],"replies":[{"embeddable":true,"href":"https:\/\/icom.ee\/et\/wp-json\/wp\/v2\/comments?post=384"}],"version-history":[{"count":2,"href":"https:\/\/icom.ee\/et\/wp-json\/wp\/v2\/pages\/384\/revisions"}],"predecessor-version":[{"id":410,"href":"https:\/\/icom.ee\/et\/wp-json\/wp\/v2\/pages\/384\/revisions\/410"}],"wp:attachment":[{"href":"https:\/\/icom.ee\/et\/wp-json\/wp\/v2\/media?parent=384"}],"curies":[{"name":"wp","href":"https:\/\/api.w.org\/{rel}","templated":true}]}}